{"id":527,"date":"2023-09-28T16:49:36","date_gmt":"2023-09-28T14:49:36","guid":{"rendered":"https:\/\/mueblesnahers.com\/?page_id=527"},"modified":"2023-09-28T20:57:50","modified_gmt":"2023-09-28T18:57:50","slug":"cookies","status":"publish","type":"page","link":"https:\/\/mueblesnahers.com\/index.php\/cookies\/","title":{"rendered":"Cookies"},"content":{"rendered":"\t\t<div data-elementor-type=\"wp-page\" data-elementor-id=\"527\" class=\"elementor elementor-527\">\n\t\t\t\t\t\t\t<div class=\"elementor-element elementor-element-4662766 e-flex e-con-boxed e-con e-parent\" data-id=\"4662766\" data-element_type=\"container\" data-settings=\"{&quot;content_width&quot;:&quot;boxed&quot;}\" data-core-v316-plus=\"true\">\n\t\t\t\t\t<div class=\"e-con-inner\">\n\t\t\t\t<div class=\"elementor-element elementor-element-1e7230a elementor-widget elementor-widget-text-editor\" data-id=\"1e7230a\" data-element_type=\"widget\" data-widget_type=\"text-editor.default\">\n\t\t\t\t<div class=\"elementor-widget-container\">\n\t\t\t<style>\/*! elementor - v3.16.0 - 17-10-2023 *\/\n.elementor-widget-text-editor.elementor-drop-cap-view-stacked .elementor-drop-cap{background-color:#69727d;color:#fff}.elementor-widget-text-editor.elementor-drop-cap-view-framed .elementor-drop-cap{color:#69727d;border:3px solid;background-color:transparent}.elementor-widget-text-editor:not(.elementor-drop-cap-view-default) .elementor-drop-cap{margin-top:8px}.elementor-widget-text-editor:not(.elementor-drop-cap-view-default) .elementor-drop-cap-letter{width:1em;height:1em}.elementor-widget-text-editor .elementor-drop-cap{float:left;text-align:center;line-height:1;font-size:50px}.elementor-widget-text-editor .elementor-drop-cap-letter{display:inline-block}<\/style>\t\t\t\t<p>En el sitio web de Muebles Naher&#8217;s, utilizamos cookies y tecnolog\u00edas similares para mejorar la experiencia de navegaci\u00f3n de nuestros usuarios. Esta pol\u00edtica de cookies explica qu\u00e9 son las cookies, c\u00f3mo las utilizamos y qu\u00e9 opciones tienes para gestionarlas.<\/p><p><\/p><h3><b>\u00bfQu\u00e9 son las cookies?<\/b><\/h3><p><\/p><p>Las cookies son peque\u00f1os archivos de texto que se almacenan en tu dispositivo cuando visitas un sitio web. Estos contienen archivos que se utilizan para recordar tus preferencias y actividades en el sitio, lo que puede mejorar tu experiencia en l\u00ednea.<\/p><h3><b>Recopilaci\u00f3n de datos personales<\/b><\/h3><p>En Muebles Naher&#8217;s, recopilamos datos personales, como nombre, apellidos, correo electr\u00f3nico y n\u00famero de tel\u00e9fono m\u00f3vil, a trav\u00e9s de nuestro formulario de contacto. Estos datos se utilizan exclusivamente para responder a tus consultas y proporcionarte el servicio solicitado.<\/p><p><\/p><h3><b>\u00bfC\u00f3mo utilizamos las cookies?<\/b><\/h3><p><\/p><p>En Muebles Naher&#8217;s utilizamos cookies con las siguientes finalidades:<\/p><p><\/p><p><u><b>Cookies esenciales :<\/b><\/u> Estas cookies son necesarias para el funcionamiento b\u00e1sico de nuestro sitio web y te permiten navegar por \u00e9l y utilizar sus funciones.<\/p><p><\/p><p><u><b>Cookies de Rendimiento :<\/b><\/u> Utilizamos cookies para recopilar informaci\u00f3n an\u00f3nima sobre c\u00f3mo los usuarios interact\u00faan con nuestro sitio web. Estos datos nos ayudan a mejorar la funcionalidad y el rendimiento de nuestro sitio.<\/p><p><\/p><p><u><b>Cookies de Publicidad y Marketing :<\/b><\/u> Podemos utilizar cookies para mostrar anuncios relevantes para ti y tus intereses. Estas cookies pueden rastrear tu actividad de navegaci\u00f3n en nuestro sitio y en otros sitios web.<\/p><p><\/p><h3><b>Gesti\u00f3n de Cookies<\/b><\/h3><p><\/p><p>Puedes gestionar las cookies en tu navegador web configurando las preferencias de cookies. Esto te permite aceptar o rechazar cookies seg\u00fan tus preferencias. Ten en cuenta que la desactivaci\u00f3n de determinadas cookies puede afectar la funcionalidad de nuestro sitio web.<\/p><p><\/p><h3><b>Cookies de Terceros<\/b><\/h3><p><\/p><p>Algunas cookies utilizadas en nuestro sitio web son proporcionadas por terceros, como proveedores de servicios de an\u00e1lisis y redes de publicidad. Estos terceros pueden utilizar cookies para recopilar informaci\u00f3n sobre tus actividades en l\u00ednea a lo largo del tiempo y en diferentes sitios web.<\/p><p><\/p><h3><b>Cambios en nuestra Pol\u00edtica de Cookies<\/b><\/h3><p><\/p><p>Nos reservamos el derecho de actualizar esta pol\u00edtica de cookies en cualquier momento. Cualquier cambio importante se comunicar\u00e1 a trav\u00e9s de nuestro sitio web.<\/p><p><\/p><h3><\/h3><p><\/p><p>Si tienes alguna pregunta o comentario sobre nuestra pol\u00edtica de cookies, por favor cont\u00e1ctanos a trav\u00e9s de la informaci\u00f3n de contacto proporcionada en nuestro sitio web.<\/p>\t\t\t\t\t\t<\/div>\n\t\t\t\t<\/div>\n\t\t\t\t\t<\/div>\n\t\t\t\t<\/div>\n\t\t<div class=\"elementor-element elementor-element-34e9be0 e-flex e-con-boxed e-con e-parent\" data-id=\"34e9be0\" data-element_type=\"container\" data-settings=\"{&quot;content_width&quot;:&quot;boxed&quot;}\" data-core-v316-plus=\"true\">\n\t\t\t\t\t<div class=\"e-con-inner\">\n\t\t\t\t<div class=\"elementor-element elementor-element-b590a02 elementor-widget elementor-widget-spacer\" data-id=\"b590a02\" data-element_type=\"widget\" data-widget_type=\"spacer.default\">\n\t\t\t\t<div class=\"elementor-widget-container\">\n\t\t\t<style>\/*! elementor - v3.16.0 - 17-10-2023 *\/\n.elementor-column .elementor-spacer-inner{height:var(--spacer-size)}.e-con{--container-widget-width:100%}.e-con-inner>.elementor-widget-spacer,.e-con>.elementor-widget-spacer{width:var(--container-widget-width,var(--spacer-size));--align-self:var(--container-widget-align-self,initial);--flex-shrink:0}.e-con-inner>.elementor-widget-spacer>.elementor-widget-container,.e-con>.elementor-widget-spacer>.elementor-widget-container{height:100%;width:100%}.e-con-inner>.elementor-widget-spacer>.elementor-widget-container>.elementor-spacer,.e-con>.elementor-widget-spacer>.elementor-widget-container>.elementor-spacer{height:100%}.e-con-inner>.elementor-widget-spacer>.elementor-widget-container>.elementor-spacer>.elementor-spacer-inner,.e-con>.elementor-widget-spacer>.elementor-widget-container>.elementor-spacer>.elementor-spacer-inner{height:var(--container-widget-height,var(--spacer-size))}.e-con-inner>.elementor-widget-spacer.elementor-widget-empty,.e-con>.elementor-widget-spacer.elementor-widget-empty{position:relative;min-height:22px;min-width:22px}.e-con-inner>.elementor-widget-spacer.elementor-widget-empty .elementor-widget-empty-icon,.e-con>.elementor-widget-spacer.elementor-widget-empty .elementor-widget-empty-icon{position:absolute;top:0;bottom:0;left:0;right:0;margin:auto;padding:0;width:22px;height:22px}<\/style>\t\t<div class=\"elementor-spacer\">\n\t\t\t<div class=\"elementor-spacer-inner\"><\/div>\n\t\t<\/div>\n\t\t\t\t<\/div>\n\t\t\t\t<\/div>\n\t\t\t\t\t<\/div>\n\t\t\t\t<\/div>\n\t\t\t\t\t\t\t<\/div>\n\t\t","protected":false},"excerpt":{"rendered":"<p>En el sitio web de Muebles Naher&#8217;s, utilizamos cookies y tecnolog\u00edas similares para mejorar la experiencia de navegaci\u00f3n de nuestros usuarios. Esta pol\u00edtica de cookies explica qu\u00e9 son las cookies, c\u00f3mo las utilizamos y qu\u00e9 opciones tienes para gestionarlas. \u00bfQu\u00e9 son las cookies? Las cookies son peque\u00f1os archivos de texto [&hellip;]<\/p>\n","protected":false},"author":1,"featured_media":0,"parent":0,"menu_order":0,"comment_status":"closed","ping_status":"closed","template":"","meta":{"_monsterinsights_skip_tracking":false,"_monsterinsights_sitenote_active":false,"_monsterinsights_sitenote_note":"","_monsterinsights_sitenote_category":0,"footnotes":""},"aioseo_notices":[],"_links":{"self":[{"href":"https:\/\/mueblesnahers.com\/index.php\/wp-json\/wp\/v2\/pages\/527"}],"collection":[{"href":"https:\/\/mueblesnahers.com\/index.php\/wp-json\/wp\/v2\/pages"}],"about":[{"href":"https:\/\/mueblesnahers.com\/index.php\/wp-json\/wp\/v2\/types\/page"}],"author":[{"embeddable":true,"href":"https:\/\/mueblesnahers.com\/index.php\/wp-json\/wp\/v2\/users\/1"}],"replies":[{"embeddable":true,"href":"https:\/\/mueblesnahers.com\/index.php\/wp-json\/wp\/v2\/comments?post=527"}],"version-history":[{"count":37,"href":"https:\/\/mueblesnahers.com\/index.php\/wp-json\/wp\/v2\/pages\/527\/revisions"}],"predecessor-version":[{"id":590,"href":"https:\/\/mueblesnahers.com\/index.php\/wp-json\/wp\/v2\/pages\/527\/revisions\/590"}],"wp:attachment":[{"href":"https:\/\/mueblesnahers.com\/index.php\/wp-json\/wp\/v2\/media?parent=527"}],"curies":[{"name":"wp","href":"https:\/\/api.w.org\/{rel}","templated":true}]}}