{"id":3,"date":"2023-08-29T17:30:52","date_gmt":"2023-08-29T15:30:52","guid":{"rendered":"http:\/\/mueblesnahers.com\/?page_id=3"},"modified":"2023-09-28T17:31:33","modified_gmt":"2023-09-28T15:31:33","slug":"politica-privacidad","status":"publish","type":"page","link":"https:\/\/mueblesnahers.com\/index.php\/politica-privacidad\/","title":{"rendered":"Pol\u00edtica de privacidad"},"content":{"rendered":"\t\t<div data-elementor-type=\"wp-page\" data-elementor-id=\"3\" class=\"elementor elementor-3\">\n\t\t\t\t\t\t\t<div class=\"elementor-element elementor-element-a97e2ed e-flex e-con-boxed e-con e-parent\" data-id=\"a97e2ed\" data-element_type=\"container\" data-settings=\"{&quot;content_width&quot;:&quot;boxed&quot;}\" data-core-v316-plus=\"true\">\n\t\t\t\t\t<div class=\"e-con-inner\">\n\t\t\t\t<div class=\"elementor-element elementor-element-3bb2cb1 elementor-widget elementor-widget-text-editor\" data-id=\"3bb2cb1\" data-element_type=\"widget\" data-widget_type=\"text-editor.default\">\n\t\t\t\t<div class=\"elementor-widget-container\">\n\t\t\t<style>\/*! elementor - v3.16.0 - 17-10-2023 *\/\n.elementor-widget-text-editor.elementor-drop-cap-view-stacked .elementor-drop-cap{background-color:#69727d;color:#fff}.elementor-widget-text-editor.elementor-drop-cap-view-framed .elementor-drop-cap{color:#69727d;border:3px solid;background-color:transparent}.elementor-widget-text-editor:not(.elementor-drop-cap-view-default) .elementor-drop-cap{margin-top:8px}.elementor-widget-text-editor:not(.elementor-drop-cap-view-default) .elementor-drop-cap-letter{width:1em;height:1em}.elementor-widget-text-editor .elementor-drop-cap{float:left;text-align:center;line-height:1;font-size:50px}.elementor-widget-text-editor .elementor-drop-cap-letter{display:inline-block}<\/style>\t\t\t\t<p>En Muebles Naher&#8217;s, respetamos y valoramos su privacidad. Esta Pol\u00edtica de Privacidad describe c\u00f3mo recopilamos, utilizamos y protegemos la informaci\u00f3n que usted proporciona a trav\u00e9s de nuestro sitio web.<\/p>\n<p><\/p>\n<h3><b>Informaci\u00f3n que recopilamos<\/b><\/h3>\n<p><b>Informaci\u00f3n Personal : <\/b>Cuando utiliza nuestro formulario de contacto, podemos recopilar informaci\u00f3n personal, como su nombre, direcci\u00f3n de correo electr\u00f3nico y n\u00famero de tel\u00e9fono. Esta informaci\u00f3n se utiliza \u00fanicamente para responder a sus consultas y proporcionarle un mejor servicio.<\/p>\n<p><b>Informaci\u00f3n de Uso :<\/b> Recopilamos informaci\u00f3n de uso de manera autom\u00e1tica cuando visita nuestro sitio web. Esto puede incluir su direcci\u00f3n IP, tipo de navegador, p\u00e1ginas que visita y la duraci\u00f3n de su visita. Utilizamos esta informaci\u00f3n para mejorar la funcionalidad de nuestro sitio y comprender mejor las necesidades de nuestros clientes.<\/p>\n<h3><b>Uso de la informaci\u00f3n<\/b><\/h3>\n<p>La informaci\u00f3n que recopilamos se utiliza para las siguientes situaciones:<\/p>\n<p>Responder a sus consultas y proporcionarle informaci\u00f3n sobre nuestros productos y servicios.<\/p>\n<p>Mejorar y personalizar su experiencia en nuestro sitio web.<\/p>\n<p>Realizar an\u00e1lisis y estad\u00edsticas para comprender mejor las preferencias y necesidades de nuestros visitantes.<\/p>\n<h3><b>Protecci\u00f3n de la Informaci\u00f3n<\/b><\/h3>\n<p>Muebles Naher&#8217;s se compromete a proteger la seguridad y confidencialidad de su informaci\u00f3n. Tomamos medidas razonables para proteger la informaci\u00f3n que recopilamos y almacenamos.<\/p>\n<h3><b>Divulgaci\u00f3n de la Informaci\u00f3n<\/b><\/h3>\n<p>No compartiremos su informaci\u00f3n personal con terceros.<\/p>\n<h3>Cookies<\/h3>\n<p>Utilizamos cookies y tecnolog\u00edas similares para mejorar su experiencia en nuestro sitio web. Puede configurar su navegador para rechazar todas las cookies o para recibir una notificaci\u00f3n cuando se env\u00eden cookies. Sin embargo, tenga en cuenta que algunas partes de nuestro sitio pueden no funcionar correctamente sin cookies.<\/p>\n<p>Puedes visitar el apartado de cookies en el siguiente enlace<\/p>\n<p>https:\/\/mueblesnahers.com\/index.php\/cookies\/\u00a0<\/p>\n<h3><b>Cambios en la Pol\u00edtica de Privacidad<\/b><\/h3>\n<p>Muebles Naher&#8217;s se reserva el derecho de actualizar esta Pol\u00edtica de Privacidad en cualquier momento. Le recomendamos que <u>revise peri\u00f3dicamente esta p\u00e1gina<\/u> para estar al tanto de cualquier cambio.\u00a0<\/p>\n<p><\/p>\n<p>Si tiene alguna pregunta o inquietud acerca de nuestra Pol\u00edtica de Privacidad o el manejo de sus datos personales, no dude en ponerse en contacto con nosotros a trav\u00e9s de la siguiente direcci\u00f3n de correo electr\u00f3nico: info@mueblesnahers.com<\/p>\n<p><\/p>\n<p>Gracias por confiar en Muebles Naher&#8217;s. Valoramos su privacidad y estamos comprometidos en protegerla.<\/p>\t\t\t\t\t\t<\/div>\n\t\t\t\t<\/div>\n\t\t\t\t\t<\/div>\n\t\t\t\t<\/div>\n\t\t<div class=\"elementor-element elementor-element-47871eb e-flex e-con-boxed e-con e-parent\" data-id=\"47871eb\" data-element_type=\"container\" data-settings=\"{&quot;content_width&quot;:&quot;boxed&quot;}\" data-core-v316-plus=\"true\">\n\t\t\t\t\t<div class=\"e-con-inner\">\n\t\t\t\t<div class=\"elementor-element elementor-element-1bb4b32 elementor-widget elementor-widget-spacer\" data-id=\"1bb4b32\" data-element_type=\"widget\" data-widget_type=\"spacer.default\">\n\t\t\t\t<div class=\"elementor-widget-container\">\n\t\t\t<style>\/*! elementor - v3.16.0 - 17-10-2023 *\/\n.elementor-column .elementor-spacer-inner{height:var(--spacer-size)}.e-con{--container-widget-width:100%}.e-con-inner>.elementor-widget-spacer,.e-con>.elementor-widget-spacer{width:var(--container-widget-width,var(--spacer-size));--align-self:var(--container-widget-align-self,initial);--flex-shrink:0}.e-con-inner>.elementor-widget-spacer>.elementor-widget-container,.e-con>.elementor-widget-spacer>.elementor-widget-container{height:100%;width:100%}.e-con-inner>.elementor-widget-spacer>.elementor-widget-container>.elementor-spacer,.e-con>.elementor-widget-spacer>.elementor-widget-container>.elementor-spacer{height:100%}.e-con-inner>.elementor-widget-spacer>.elementor-widget-container>.elementor-spacer>.elementor-spacer-inner,.e-con>.elementor-widget-spacer>.elementor-widget-container>.elementor-spacer>.elementor-spacer-inner{height:var(--container-widget-height,var(--spacer-size))}.e-con-inner>.elementor-widget-spacer.elementor-widget-empty,.e-con>.elementor-widget-spacer.elementor-widget-empty{position:relative;min-height:22px;min-width:22px}.e-con-inner>.elementor-widget-spacer.elementor-widget-empty .elementor-widget-empty-icon,.e-con>.elementor-widget-spacer.elementor-widget-empty .elementor-widget-empty-icon{position:absolute;top:0;bottom:0;left:0;right:0;margin:auto;padding:0;width:22px;height:22px}<\/style>\t\t<div class=\"elementor-spacer\">\n\t\t\t<div class=\"elementor-spacer-inner\"><\/div>\n\t\t<\/div>\n\t\t\t\t<\/div>\n\t\t\t\t<\/div>\n\t\t\t\t\t<\/div>\n\t\t\t\t<\/div>\n\t\t<div class=\"elementor-element elementor-element-3b03c6c e-flex e-con-boxed e-con e-parent\" data-id=\"3b03c6c\" data-element_type=\"container\" data-settings=\"{&quot;content_width&quot;:&quot;boxed&quot;}\" data-core-v316-plus=\"true\">\n\t\t\t\t\t<div class=\"e-con-inner\">\n\t\t\t\t<div class=\"elementor-element elementor-element-c78b5a3 elementor-widget elementor-widget-text-editor\" data-id=\"c78b5a3\" data-element_type=\"widget\" data-widget_type=\"text-editor.default\">\n\t\t\t\t<div class=\"elementor-widget-container\">\n\t\t\t\t\t\t\t<h3><b>Atribuciones a terceros<\/b><\/h3><h3><b>Flaticon<\/b><\/h3><div><b>https:\/\/www.flaticon.es\/<\/b><\/div><div><b>\u00a0<\/b><\/div><p>&#8220;<u>Iconos utilizados en este sitio web de:<\/u> &lt;a href=&#8221;https:\/\/www.flaticon.es\/iconos-gratis\/compromiso&#8221; title=&#8221;compromiso iconos&#8221;&gt;Compromiso iconos creados por Freepik &#8211; Flaticon&lt;\/a&gt; &#8220;<\/p><p><span style=\"text-align: var(--text-align);\">&#8220;<u>Iconos utilizados en este sitio web de:<\/u>\u00a0<\/span>&lt;a href=&#8221;https:\/\/www.flaticon.es\/iconos-gratis\/calidad&#8221; title=&#8221;calidad iconos&#8221;&gt;Calidad iconos creados por Freepik &#8211; Flaticon&lt;\/a&gt;<span style=\"text-align: var(--text-align);\">&#8220;<\/span><\/p><p><span style=\"text-align: var(--text-align);\">&#8220;<u>Iconos utilizados en este sitio web de:<\/u>\u00a0<\/span><span style=\"text-align: var(--text-align);\">&lt;a href=&#8221;https:\/\/www.flaticon.es\/iconos-gratis\/comodo&#8221; title=&#8221;c\u00f3modo iconos&#8221;&gt;C\u00f3modo iconos creados por Freepik &#8211; Flaticon&lt;\/a&gt;<\/span><span style=\"text-align: var(--text-align);\">&#8220;<\/span><span style=\"text-align: var(--text-align);\"><br \/><\/span><\/p>\t\t\t\t\t\t<\/div>\n\t\t\t\t<\/div>\n\t\t\t\t\t<\/div>\n\t\t\t\t<\/div>\n\t\t<div class=\"elementor-element elementor-element-59300e0 e-flex e-con-boxed e-con e-parent\" data-id=\"59300e0\" data-element_type=\"container\" data-settings=\"{&quot;content_width&quot;:&quot;boxed&quot;}\" data-core-v316-plus=\"true\">\n\t\t\t\t\t<div class=\"e-con-inner\">\n\t\t\t\t<div class=\"elementor-element elementor-element-3032abf elementor-widget elementor-widget-spacer\" data-id=\"3032abf\" data-element_type=\"widget\" data-widget_type=\"spacer.default\">\n\t\t\t\t<div class=\"elementor-widget-container\">\n\t\t\t\t\t<div class=\"elementor-spacer\">\n\t\t\t<div class=\"elementor-spacer-inner\"><\/div>\n\t\t<\/div>\n\t\t\t\t<\/div>\n\t\t\t\t<\/div>\n\t\t\t\t\t<\/div>\n\t\t\t\t<\/div>\n\t\t\t\t\t\t\t<\/div>\n\t\t","protected":false},"excerpt":{"rendered":"<p>En Muebles Naher&#8217;s, respetamos y valoramos su privacidad. Esta Pol\u00edtica de Privacidad describe c\u00f3mo recopilamos, utilizamos y protegemos la informaci\u00f3n que usted proporciona a trav\u00e9s de nuestro sitio web. Informaci\u00f3n que recopilamos Informaci\u00f3n Personal : Cuando utiliza nuestro formulario de contacto, podemos recopilar informaci\u00f3n personal, como su nombre, direcci\u00f3n de [&hellip;]<\/p>\n","protected":false},"author":1,"featured_media":0,"parent":0,"menu_order":0,"comment_status":"closed","ping_status":"open","template":"","meta":{"_monsterinsights_skip_tracking":false,"_monsterinsights_sitenote_active":false,"_monsterinsights_sitenote_note":"","_monsterinsights_sitenote_category":0,"footnotes":""},"aioseo_notices":[],"_links":{"self":[{"href":"https:\/\/mueblesnahers.com\/index.php\/wp-json\/wp\/v2\/pages\/3"}],"collection":[{"href":"https:\/\/mueblesnahers.com\/index.php\/wp-json\/wp\/v2\/pages"}],"about":[{"href":"https:\/\/mueblesnahers.com\/index.php\/wp-json\/wp\/v2\/types\/page"}],"author":[{"embeddable":true,"href":"https:\/\/mueblesnahers.com\/index.php\/wp-json\/wp\/v2\/users\/1"}],"replies":[{"embeddable":true,"href":"https:\/\/mueblesnahers.com\/index.php\/wp-json\/wp\/v2\/comments?post=3"}],"version-history":[{"count":21,"href":"https:\/\/mueblesnahers.com\/index.php\/wp-json\/wp\/v2\/pages\/3\/revisions"}],"predecessor-version":[{"id":580,"href":"https:\/\/mueblesnahers.com\/index.php\/wp-json\/wp\/v2\/pages\/3\/revisions\/580"}],"wp:attachment":[{"href":"https:\/\/mueblesnahers.com\/index.php\/wp-json\/wp\/v2\/media?parent=3"}],"curies":[{"name":"wp","href":"https:\/\/api.w.org\/{rel}","templated":true}]}}