{"id":15,"date":"2023-08-29T17:35:52","date_gmt":"2023-08-29T15:35:52","guid":{"rendered":"https:\/\/mueblesnahers.com\/?page_id=15"},"modified":"2023-10-30T12:49:40","modified_gmt":"2023-10-30T11:49:40","slug":"contact","status":"publish","type":"page","link":"https:\/\/mueblesnahers.com\/index.php\/contact\/","title":{"rendered":"Contacto"},"content":{"rendered":"\n<div class=\"wp-block-columns alignfull is-layout-flex wp-container-2 wp-block-columns-is-layout-flex\">\n<div class=\"wp-block-column is-layout-flow wp-block-column-is-layout-flow\">\n<div style=\"width: 100%\"><iframe loading=\"lazy\" width=\"100%\" height=\"400\" frameborder=\"0\" scrolling=\"no\" marginheight=\"0\" marginwidth=\"0\" src=\"https:\/\/www.google.com\/maps\/embed?pb=!1m18!1m12!1m3!1d3142.8498329489717!2d-1.2460012237553124!3d38.027280171922776!2m3!1f0!2f0!3f0!3m2!1i1024!2i768!4f13.1!3m3!1m2!1s0xd647f1ad5c13043%3A0x8b59fe3aa88472d7!2sMuebles%20Naher&#39;s!5e0!3m2!1ses!2ses!4v1695047759600!5m2!1ses!2ses\"><\/iframe><\/div>\n\n\n\n<p><\/p>\n<\/div>\n<\/div>\n\n\n\n<div class=\"wp-block-columns container is-layout-flex wp-container-9 wp-block-columns-is-layout-flex\">\n<div class=\"wp-block-column is-vertically-aligned-center is-layout-flow wp-block-column-is-layout-flow\">\n<h2 class=\"wp-block-heading hestia-title\">M\u00e1ndanos un mensaje<\/h2>\n\n\n\n<div style=\"height:40px\" aria-hidden=\"true\" class=\"wp-block-spacer\"><\/div>\n\n\n<style id=\"wpforms-css-vars-root\">\n\t\t\t\t:root {\n\t\t\t\t\t--wpforms-field-border-radius: 3px;\n--wpforms-field-background-color: #ffffff;\n--wpforms-field-border-color: rgba( 0, 0, 0, 0.25 );\n--wpforms-field-text-color: rgba( 0, 0, 0, 0.7 );\n--wpforms-label-color: rgba( 0, 0, 0, 0.85 );\n--wpforms-label-sublabel-color: rgba( 0, 0, 0, 0.55 );\n--wpforms-label-error-color: #d63637;\n--wpforms-button-border-radius: 3px;\n--wpforms-button-background-color: #066aab;\n--wpforms-button-text-color: #ffffff;\n--wpforms-field-size-input-height: 43px;\n--wpforms-field-size-input-spacing: 15px;\n--wpforms-field-size-font-size: 16px;\n--wpforms-field-size-line-height: 19px;\n--wpforms-field-size-padding-h: 14px;\n--wpforms-field-size-checkbox-size: 16px;\n--wpforms-field-size-sublabel-spacing: 5px;\n--wpforms-field-size-icon-size: 1;\n--wpforms-label-size-font-size: 16px;\n--wpforms-label-size-line-height: 19px;\n--wpforms-label-size-sublabel-font-size: 14px;\n--wpforms-label-size-sublabel-line-height: 17px;\n--wpforms-button-size-font-size: 17px;\n--wpforms-button-size-height: 41px;\n--wpforms-button-size-padding-h: 15px;\n--wpforms-button-size-margin-top: 10px;\n\n\t\t\t\t}\n\t\t\t<\/style><div class=\"wpforms-container wpforms-container-full wpforms-block wpforms-block-75afb869-4912-4041-84d4-8071fab6de30 wpforms-render-modern\" id=\"wpforms-2218\"><form id=\"wpforms-form-2218\" class=\"wpforms-validate wpforms-form wpforms-ajax-form\" data-formid=\"2218\" method=\"post\" enctype=\"multipart\/form-data\" action=\"\/index.php\/wp-json\/wp\/v2\/pages\/15\" data-token=\"77923f840b26bb3fca21464fdb1114f9\"><noscript class=\"wpforms-error-noscript\">Please enable JavaScript in your browser to complete this form.<\/noscript><div class=\"wpforms-hidden\" id=\"wpforms-error-noscript\">Please enable JavaScript in your browser to complete this form.<\/div><div class=\"wpforms-field-container\"><div id=\"wpforms-2218-field_0-container\" class=\"wpforms-field wpforms-field-name\" data-field-id=\"0\"><fieldset><legend class=\"wpforms-field-label\">Nombre <span class=\"wpforms-required-label\" aria-hidden=\"true\">*<\/span><\/legend><div class=\"wpforms-field-row wpforms-field-medium\"><div class=\"wpforms-field-row-block wpforms-first wpforms-one-half\"><input type=\"text\" id=\"wpforms-2218-field_0\" class=\"wpforms-field-name-first wpforms-field-required\" name=\"wpforms[fields][0][first]\" aria-errormessage=\"wpforms-2218-field_0-error\" required><label for=\"wpforms-2218-field_0\" class=\"wpforms-field-sublabel after \">First<\/label><\/div><div class=\"wpforms-field-row-block wpforms-one-half\"><input type=\"text\" id=\"wpforms-2218-field_0-last\" class=\"wpforms-field-name-last wpforms-field-required\" name=\"wpforms[fields][0][last]\" aria-errormessage=\"wpforms-2218-field_0-last-error\" required><label for=\"wpforms-2218-field_0-last\" class=\"wpforms-field-sublabel after \">Last<\/label><\/div><\/div><\/fieldset><\/div><div id=\"wpforms-2218-field_1-container\" class=\"wpforms-field wpforms-field-email\" data-field-id=\"1\"><label class=\"wpforms-field-label\" for=\"wpforms-2218-field_1\">Correo electr\u00f3nico <span class=\"wpforms-required-label\" aria-hidden=\"true\">*<\/span><\/label><input type=\"email\" id=\"wpforms-2218-field_1\" class=\"wpforms-field-medium wpforms-field-required\" name=\"wpforms[fields][1]\" spellcheck=\"false\" aria-errormessage=\"wpforms-2218-field_1-error\" required><\/div><div id=\"wpforms-2218-field_2-container\" class=\"wpforms-field wpforms-field-textarea\" data-field-id=\"2\"><label class=\"wpforms-field-label\" for=\"wpforms-2218-field_2\">Mensaje<\/label><textarea id=\"wpforms-2218-field_2\" class=\"wpforms-field-medium\" name=\"wpforms[fields][2]\" aria-errormessage=\"wpforms-2218-field_2-error\" ><\/textarea><\/div><\/div><!-- .wpforms-field-container --><div class=\"wpforms-submit-container\" ><input type=\"hidden\" name=\"wpforms[id]\" value=\"2218\"><input type=\"hidden\" name=\"wpforms[author]\" value=\"1\"><button type=\"submit\" name=\"wpforms[submit]\" id=\"wpforms-submit-2218\" class=\"wpforms-submit\" data-alt-text=\"Enviando...\" data-submit-text=\"Enviar\" aria-live=\"assertive\" value=\"wpforms-submit\">Enviar<\/button><img decoding=\"async\" loading=\"lazy\" src=\"https:\/\/mueblesnahers.com\/wp-content\/plugins\/wpforms\/assets\/images\/submit-spin.svg\" class=\"wpforms-submit-spinner\" style=\"display: none;\" width=\"26\" height=\"26\" alt=\"Loading\"><\/div><\/form><\/div>  <!-- .wpforms-container --><\/div>\n\n\n\n<div class=\"wp-block-column is-vertically-aligned-center is-layout-flow wp-block-column-is-layout-flow\">\n<div class=\"wp-block-columns is-layout-flex wp-container-7 wp-block-columns-is-layout-flex\">\n<div class=\"wp-block-column is-layout-flow wp-block-column-is-layout-flow\"><\/div>\n\n\n\n<div class=\"wp-block-column is-layout-flow wp-block-column-is-layout-flow\" style=\"flex-basis:50%\">\n<h4 class=\"wp-block-heading has-text-align-left hestia-title has-text-color\" style=\"color:#3c4858;font-size:18px\"><img decoding=\"async\" loading=\"lazy\" width=\"1200\" height=\"1600\" class=\"wp-image-164\" style=\"width: 25px;\" src=\"http:\/\/mueblesnahers.com\/wp-content\/uploads\/2023\/09\/map-marker-alt-solid.jpg\" alt=\"\" srcset=\"https:\/\/mueblesnahers.com\/wp-content\/uploads\/2023\/09\/map-marker-alt-solid.jpg 1200w, https:\/\/mueblesnahers.com\/wp-content\/uploads\/2023\/09\/map-marker-alt-solid-225x300.jpg 225w, https:\/\/mueblesnahers.com\/wp-content\/uploads\/2023\/09\/map-marker-alt-solid-768x1024.jpg 768w, https:\/\/mueblesnahers.com\/wp-content\/uploads\/2023\/09\/map-marker-alt-solid-1152x1536.jpg 1152w\" sizes=\"(max-width: 1200px) 100vw, 1200px\" \/>  <strong>Encu\u00e9ntranos en<\/strong><\/h4>\n\n\n\n<p class=\"has-small-font-size\"><strong><u>Exposici\u00f3n principal<\/u><\/strong>&nbsp;<a href=\"https:\/\/maps.app.goo.gl\/7NBsHoQcEtGVnsg39\" target=\"_blank\" rel=\"noopener\" title=\"\"><strong>Barrio San Pedro N\u00ba5 B Las Torres de Cotillas 30565 (Murcia).<\/strong><\/a><\/p>\n\n\n\n<p class=\"has-small-font-size\"><strong><u>Colchoner\u00eda y sillones<\/u><\/strong>&nbsp;<a href=\"https:\/\/maps.app.goo.gl\/A7PknKyj57FbDpx5A\" target=\"_blank\" rel=\"noopener\" title=\"\"><strong>Calle Unamuno N\u00ba3 Bajo. Las Torres de Cotillas 30565 (Murcia).<\/strong><\/a><\/p>\n\n\n\n<div style=\"height:13px\" aria-hidden=\"true\" class=\"wp-block-spacer\"><\/div>\n\n\n\n<h4 class=\"wp-block-heading has-text-align-left hestia-title has-text-color\" style=\"color:#3c4858;font-size:18px\"><img decoding=\"async\" loading=\"lazy\" width=\"1600\" height=\"1600\" class=\"wp-image-161\" style=\"width: 25px;\" src=\"http:\/\/mueblesnahers.com\/wp-content\/uploads\/2023\/09\/clock-solid.jpg\" alt=\"\" srcset=\"https:\/\/mueblesnahers.com\/wp-content\/uploads\/2023\/09\/clock-solid.jpg 1600w, https:\/\/mueblesnahers.com\/wp-content\/uploads\/2023\/09\/clock-solid-300x300.jpg 300w, https:\/\/mueblesnahers.com\/wp-content\/uploads\/2023\/09\/clock-solid-1024x1024.jpg 1024w, https:\/\/mueblesnahers.com\/wp-content\/uploads\/2023\/09\/clock-solid-150x150.jpg 150w, https:\/\/mueblesnahers.com\/wp-content\/uploads\/2023\/09\/clock-solid-768x768.jpg 768w, https:\/\/mueblesnahers.com\/wp-content\/uploads\/2023\/09\/clock-solid-1536x1536.jpg 1536w\" sizes=\"(max-width: 1600px) 100vw, 1600px\" \/>  <strong>Horario<\/strong><\/h4>\n\n\n\n<p class=\"has-small-font-size\"><strong>Lunes a Viernes<\/strong>&nbsp;10:00 a 13:30h y 17:00 a 20:30h&nbsp;<\/p>\n\n\n\n<p class=\"has-small-font-size\"><strong>S\u00e1bado<\/strong>&nbsp;10:00 a 13:30h<\/p>\n\n\n\n<div style=\"height:5px\" aria-hidden=\"true\" class=\"wp-block-spacer\"><\/div>\n\n\n\n<p class=\"has-small-font-size\"><strong>Si necesita que le atendamos fuera de este horario, no dude en llamarnos, nos adaptamos a ti.<\/strong><\/p>\n\n\n\n<p class=\"has-small-font-size\"><strong>Tel\u00e9fono de contacto<\/strong>: 609612704 \/ 675016575 \/ 968628746<\/p>\n\n\n\n<div style=\"height:40px\" aria-hidden=\"true\" class=\"wp-block-spacer\"><\/div>\n<\/div>\n\n\n\n<div class=\"wp-block-column is-layout-flow wp-block-column-is-layout-flow\"><\/div>\n<\/div>\n<\/div>\n<\/div>\n\n\n\n<p><\/p>\n","protected":false},"excerpt":{"rendered":"<p>M\u00e1ndanos un mensaje Encu\u00e9ntranos en Exposici\u00f3n principal&nbsp;Barrio San Pedro N\u00ba5 B Las Torres de Cotillas 30565 (Murcia). Colchoner\u00eda y sillones&nbsp;Calle Unamuno N\u00ba3 Bajo. Las Torres de Cotillas 30565 (Murcia). Horario Lunes a Viernes&nbsp;10:00 a 13:30h y 17:00 a 20:30h&nbsp; S\u00e1bado&nbsp;10:00 a 13:30h Si necesita que le atendamos fuera de este [&hellip;]<\/p>\n","protected":false},"author":1,"featured_media":7,"parent":0,"menu_order":0,"comment_status":"closed","ping_status":"closed","template":"page-templates\/template-pagebuilder-full-width.php","meta":{"_monsterinsights_skip_tracking":false,"_monsterinsights_sitenote_active":false,"_monsterinsights_sitenote_note":"","_monsterinsights_sitenote_category":0,"footnotes":""},"aioseo_notices":[],"_links":{"self":[{"href":"https:\/\/mueblesnahers.com\/index.php\/wp-json\/wp\/v2\/pages\/15"}],"collection":[{"href":"https:\/\/mueblesnahers.com\/index.php\/wp-json\/wp\/v2\/pages"}],"about":[{"href":"https:\/\/mueblesnahers.com\/index.php\/wp-json\/wp\/v2\/types\/page"}],"author":[{"embeddable":true,"href":"https:\/\/mueblesnahers.com\/index.php\/wp-json\/wp\/v2\/users\/1"}],"replies":[{"embeddable":true,"href":"https:\/\/mueblesnahers.com\/index.php\/wp-json\/wp\/v2\/comments?post=15"}],"version-history":[{"count":21,"href":"https:\/\/mueblesnahers.com\/index.php\/wp-json\/wp\/v2\/pages\/15\/revisions"}],"predecessor-version":[{"id":2223,"href":"https:\/\/mueblesnahers.com\/index.php\/wp-json\/wp\/v2\/pages\/15\/revisions\/2223"}],"wp:featuredmedia":[{"embeddable":true,"href":"https:\/\/mueblesnahers.com\/index.php\/wp-json\/wp\/v2\/media\/7"}],"wp:attachment":[{"href":"https:\/\/mueblesnahers.com\/index.php\/wp-json\/wp\/v2\/media?parent=15"}],"curies":[{"name":"wp","href":"https:\/\/api.w.org\/{rel}","templated":true}]}}