{"id":14,"date":"2023-08-29T17:35:52","date_gmt":"2023-08-29T15:35:52","guid":{"rendered":"https:\/\/mueblesnahers.com\/?page_id=14"},"modified":"2023-09-22T20:10:25","modified_gmt":"2023-09-22T18:10:25","slug":"home","status":"publish","type":"page","link":"https:\/\/mueblesnahers.com\/","title":{"rendered":"Home"},"content":{"rendered":"\n<div class=\"wp-block-cover alignfull is-light hestia-clear-top-padding\"><span aria-hidden=\"true\" class=\"wp-block-cover__background has-white-background-color has-background-dim-100 has-background-dim\"><\/span><div class=\"wp-block-cover__inner-container is-layout-flow wp-block-cover-is-layout-flow\">\n<h2 class=\"wp-block-heading has-text-align-center has-text-color\" id=\"fry-a-fry\" style=\"color:#3c4858\">Sobre nosotros<\/h2>\n\n\n\n<div style=\"height:40px\" aria-hidden=\"true\" class=\"wp-block-spacer\"><\/div>\n\n\n\n<div class=\"wp-block-columns container is-layout-flex wp-container-4 wp-block-columns-is-layout-flex\">\n<div class=\"wp-block-column is-layout-flow wp-block-column-is-layout-flow\"><div class=\"wp-block-image\">\n<figure class=\"aligncenter size-full\"><img decoding=\"async\" loading=\"lazy\" width=\"64\" height=\"64\" src=\"https:\/\/mueblesnahers.com\/wp-content\/uploads\/2023\/09\/compromiso.png\" alt=\"\" class=\"wp-image-193\"\/><\/figure><\/div>\n\n\n<h5 class=\"wp-block-heading has-text-align-center has-text-color\" style=\"color:#3c4858;font-size:18px\">Compromiso<\/h5>\n\n\n\n<p class=\"has-text-align-center has-text-color\" style=\"color:#999999;font-size:14px\">En Muebles Naher&#8217;s, Nos enorgullece ofrecer productos de calidad, cuidadosamente seleccionados y dise\u00f1ados para adaptarse a tu estilo de vida con un asesoramiento personalizado adaptado a tus necesidades. Nuestro compromiso es superar tus expectativas en cuanto a calidad, estilo y atenci\u00f3n al cliente. Siempre estamos aqu\u00ed para ti, listos para convertir tus sue\u00f1os en realidad. Tu satisfacci\u00f3n es nuestra principal prioridad y estamos comprometidos a hacer que tu experiencia de compra sea memorable.<\/p>\n\n\n\n<div style=\"height:25px\" aria-hidden=\"true\" class=\"wp-block-spacer\"><\/div>\n<\/div>\n\n\n\n<div class=\"wp-block-column is-layout-flow wp-block-column-is-layout-flow\"><div class=\"wp-block-image\">\n<figure class=\"aligncenter size-full\"><img decoding=\"async\" loading=\"lazy\" width=\"64\" height=\"64\" src=\"https:\/\/mueblesnahers.com\/wp-content\/uploads\/2023\/09\/calidad.png\" alt=\"\" class=\"wp-image-194\"\/><\/figure><\/div>\n\n\n<h5 class=\"wp-block-heading has-text-align-center has-text-color\" style=\"color:#3c4858;font-size:18px\">Calidad<\/h5>\n\n\n\n<p class=\"has-text-align-center has-text-color\" style=\"color:#999999;font-size:14px\">En Muebles Naher&#8217;s, la calidad es nuestro compromiso inquebrantable. Cada pieza que ofrecemos es el resultado de una meticulosa b\u00fasqueda de los mejores materiales y artesan\u00eda excepcional. Desde la selecci\u00f3n de maderas hasta los detalles de acabado, nos esforzamos por entregar muebles que no solo embellecen los espacios, sino que perduran en el tiempo, proporcionando funcionalidad y belleza duradera para tu hogar.<\/p>\n\n\n\n<div style=\"height:25px\" aria-hidden=\"true\" class=\"wp-block-spacer\"><\/div>\n<\/div>\n\n\n\n<div class=\"wp-block-column is-layout-flow wp-block-column-is-layout-flow\"><div class=\"wp-block-image\">\n<figure class=\"aligncenter size-full\"><img decoding=\"async\" loading=\"lazy\" width=\"64\" height=\"64\" src=\"https:\/\/mueblesnahers.com\/wp-content\/uploads\/2023\/09\/conveniente.png\" alt=\"\" class=\"wp-image-195\"\/><\/figure><\/div>\n\n\n<h5 class=\"wp-block-heading has-text-align-center has-text-color\" style=\"color:#3c4858;font-size:18px\">Confort<\/h5>\n\n\n\n<p class=\"has-text-align-center has-text-color\" style=\"color:#999999;font-size:14px\">En Muebles Naher&#8217;s, el confort es el coraz\u00f3n de nuestro dise\u00f1o. Cada mueble est\u00e1 concebido con la comodidad como prioridad, fusionando la elegancia con la ergonom\u00eda. Desde sof\u00e1s que abrazan al final de un d\u00eda agotador hasta camas que ofrecen un refugio de descanso, nuestra colecci\u00f3n te brinda el lujo de experimentar la verdadera relajaci\u00f3n en cada rinc\u00f3n de tu hogar. Descubre muebles que no solo son visualmente atractivos, sino tambi\u00e9n irresistiblemente c\u00f3modos.<\/p>\n\n\n\n<div style=\"height:25px\" aria-hidden=\"true\" class=\"wp-block-spacer\"><\/div>\n<\/div>\n<\/div>\n\n\n\n<div style=\"height:40px\" aria-hidden=\"true\" class=\"wp-block-spacer\"><\/div>\n<\/div><\/div>\n\n\n\n<div class=\"wp-block-columns container is-layout-flex wp-container-10 wp-block-columns-is-layout-flex\">\n<div class=\"wp-block-column col-md-5 is-layout-flow wp-block-column-is-layout-flow\">\n<div style=\"height:55px\" aria-hidden=\"true\" class=\"wp-block-spacer\"><\/div>\n\n\n\n<h2 class=\"wp-block-heading\">Muebles Naher&#8217;s<\/h2>\n\n\n\n<p>&#8220;Nuestra pasi\u00f3n es transformar espacios en hogares. Con una cuidadosa selecci\u00f3n de piezas elegantes y funcionales, llevamos el confort y el estilo a cada rinc\u00f3n. \u00danete a nosotros para descubrir muebles que inspiran vida y crean ambientes inolvidables.&#8221;<\/p>\n<\/div>\n\n\n\n<div class=\"wp-block-column col-md-6 col-md-offset1 is-layout-flow wp-block-column-is-layout-flow\">\n<div style=\"height:55px\" aria-hidden=\"true\" class=\"wp-block-spacer\"><\/div>\n\n\n\n<figure class=\"wp-block-gallery has-nested-images columns-default is-cropped wp-block-gallery-7 is-layout-flex wp-block-gallery-is-layout-flex\">\n<figure class=\"wp-block-image size-large is-style-default\"><img decoding=\"async\" loading=\"lazy\" width=\"1024\" height=\"783\" src=\"http:\/\/mueblesnahers.com\/wp-content\/uploads\/2023\/09\/Asset-13@2x-1024x783.png\" alt=\"\" class=\"wp-image-514\" srcset=\"https:\/\/mueblesnahers.com\/wp-content\/uploads\/2023\/09\/Asset-13@2x-1024x783.png 1024w, https:\/\/mueblesnahers.com\/wp-content\/uploads\/2023\/09\/Asset-13@2x-300x229.png 300w, https:\/\/mueblesnahers.com\/wp-content\/uploads\/2023\/09\/Asset-13@2x-768x587.png 768w, https:\/\/mueblesnahers.com\/wp-content\/uploads\/2023\/09\/Asset-13@2x-1536x1175.png 1536w, https:\/\/mueblesnahers.com\/wp-content\/uploads\/2023\/09\/Asset-13@2x-2048x1566.png 2048w\" sizes=\"(max-width: 1024px) 100vw, 1024px\" \/><\/figure>\n<\/figure>\n\n\n\n<p><\/p>\n<\/div>\n<\/div>\n","protected":false},"excerpt":{"rendered":"<p>Muebles Naher&#8217;s &#8220;Nuestra pasi\u00f3n es transformar espacios en hogares. Con una cuidadosa selecci\u00f3n de piezas elegantes y funcionales, llevamos el confort y el estilo a cada rinc\u00f3n. \u00danete a nosotros para descubrir muebles que inspiran vida y crean ambientes inolvidables.&#8221;<\/p>\n","protected":false},"author":1,"featured_media":36,"parent":0,"menu_order":0,"comment_status":"closed","ping_status":"closed","template":"","meta":{"_monsterinsights_skip_tracking":false,"_monsterinsights_sitenote_active":false,"_monsterinsights_sitenote_note":"","_monsterinsights_sitenote_category":0,"footnotes":""},"aioseo_notices":[],"_links":{"self":[{"href":"https:\/\/mueblesnahers.com\/index.php\/wp-json\/wp\/v2\/pages\/14"}],"collection":[{"href":"https:\/\/mueblesnahers.com\/index.php\/wp-json\/wp\/v2\/pages"}],"about":[{"href":"https:\/\/mueblesnahers.com\/index.php\/wp-json\/wp\/v2\/types\/page"}],"author":[{"embeddable":true,"href":"https:\/\/mueblesnahers.com\/index.php\/wp-json\/wp\/v2\/users\/1"}],"replies":[{"embeddable":true,"href":"https:\/\/mueblesnahers.com\/index.php\/wp-json\/wp\/v2\/comments?post=14"}],"version-history":[{"count":15,"href":"https:\/\/mueblesnahers.com\/index.php\/wp-json\/wp\/v2\/pages\/14\/revisions"}],"predecessor-version":[{"id":525,"href":"https:\/\/mueblesnahers.com\/index.php\/wp-json\/wp\/v2\/pages\/14\/revisions\/525"}],"wp:featuredmedia":[{"embeddable":true,"href":"https:\/\/mueblesnahers.com\/index.php\/wp-json\/wp\/v2\/media\/36"}],"wp:attachment":[{"href":"https:\/\/mueblesnahers.com\/index.php\/wp-json\/wp\/v2\/media?parent=14"}],"curies":[{"name":"wp","href":"https:\/\/api.w.org\/{rel}","templated":true}]}}